{"id":1732,"date":"2024-11-12T18:19:01","date_gmt":"2024-11-12T17:19:01","guid":{"rendered":"https:\/\/www.guggenbichl.at\/tauern-spa\/"},"modified":"2025-04-15T12:34:23","modified_gmt":"2025-04-15T10:34:23","slug":"tauern-spa","status":"publish","type":"page","link":"https:\/\/www.guggenbichl.at\/en\/tauern-spa\/","title":{"rendered":"Tauern Spa"},"content":{"rendered":"\t\t<div data-elementor-type=\"wp-page\" data-elementor-id=\"1732\" class=\"elementor elementor-1732 elementor-1414\" data-elementor-post-type=\"page\">\n\t\t\t\t<div class=\"elementor-element elementor-element-37a10234 e-con-full e-flex e-con e-parent\" data-id=\"37a10234\" data-element_type=\"container\" data-e-type=\"container\" data-settings=\"{&quot;background_background&quot;:&quot;classic&quot;}\">\n\t\t\t\t<div class=\"elementor-element elementor-element-4ab2bddb elementor--h-position-center elementor--v-position-middle elementor-arrows-position-inside elementor-widget elementor-widget-slides\" data-id=\"4ab2bddb\" data-element_type=\"widget\" data-e-type=\"widget\" data-settings=\"{&quot;navigation&quot;:&quot;arrows&quot;,&quot;transition&quot;:&quot;fade&quot;,&quot;transition_speed&quot;:1500,&quot;autoplay&quot;:&quot;yes&quot;,&quot;autoplay_speed&quot;:5000,&quot;infinite&quot;:&quot;yes&quot;}\" data-widget_type=\"slides.default\">\n\t\t\t\t\t\t\t\t\t\t<div class=\"elementor-slides-wrapper elementor-main-swiper swiper\" role=\"region\" aria-roledescription=\"carousel\" aria-label=\"Slider\" dir=\"ltr\" data-animation=\"\">\n\t\t\t\t<div class=\"swiper-wrapper elementor-slides\">\n\t\t\t\t\t\t\t\t\t\t<div class=\"elementor-repeater-item-f60d9ff swiper-slide\" role=\"group\" aria-roledescription=\"slide\"><div class=\"swiper-slide-bg elementor-ken-burns elementor-ken-burns--in\" role=\"img\" aria-label=\"Tauern Spa Kaprun\"><\/div><div class=\"swiper-slide-inner\" ><div class=\"swiper-slide-contents\"><\/div><\/div><\/div><div class=\"elementor-repeater-item-c0a1673 swiper-slide\" role=\"group\" aria-roledescription=\"slide\"><div class=\"swiper-slide-bg elementor-ken-burns elementor-ken-burns--in\" role=\"img\" aria-label=\"Tauern Spa Kaprun\"><\/div><div class=\"swiper-slide-inner\" ><div class=\"swiper-slide-contents\"><\/div><\/div><\/div><div class=\"elementor-repeater-item-09c16db swiper-slide\" role=\"group\" aria-roledescription=\"slide\"><div class=\"swiper-slide-bg elementor-ken-burns elementor-ken-burns--in\" role=\"img\" aria-label=\"Tauern Spa Kaprun\"><\/div><div class=\"swiper-slide-inner\" ><div class=\"swiper-slide-contents\"><\/div><\/div><\/div><div class=\"elementor-repeater-item-b47852f swiper-slide\" role=\"group\" aria-roledescription=\"slide\"><div class=\"swiper-slide-bg elementor-ken-burns elementor-ken-burns--in\" role=\"img\" aria-label=\"Tauern Spa Kaprun\"><\/div><div class=\"swiper-slide-inner\" ><div class=\"swiper-slide-contents\"><\/div><\/div><\/div><div class=\"elementor-repeater-item-cd2a776 swiper-slide\" role=\"group\" aria-roledescription=\"slide\"><div class=\"swiper-slide-bg elementor-ken-burns elementor-ken-burns--in\" role=\"img\" aria-label=\"Panorama Guggenbichl \u2013 Sommerurlaub\"><\/div><div class=\"swiper-slide-inner\" ><div class=\"swiper-slide-contents\"><\/div><\/div><\/div>\t\t\t\t<\/div>\n\t\t\t\t\t\t\t\t\t\t\t\t\t\t\t<div class=\"elementor-swiper-button elementor-swiper-button-prev\" role=\"button\" tabindex=\"0\" aria-label=\"Previous slide\">\n\t\t\t\t\t\t\t<svg aria-hidden=\"true\" class=\"e-font-icon-svg e-eicon-chevron-left\" viewBox=\"0 0 1000 1000\" xmlns=\"http:\/\/www.w3.org\/2000\/svg\"><path d=\"M646 125C629 125 613 133 604 142L308 442C296 454 292 471 292 487 292 504 296 521 308 533L604 854C617 867 629 875 646 875 663 875 679 871 692 858 704 846 713 829 713 812 713 796 708 779 692 767L438 487 692 225C700 217 708 204 708 187 708 171 704 154 692 142 675 129 663 125 646 125Z\"><\/path><\/svg>\t\t\t\t\t\t<\/div>\n\t\t\t\t\t\t<div class=\"elementor-swiper-button elementor-swiper-button-next\" role=\"button\" tabindex=\"0\" aria-label=\"Next slide\">\n\t\t\t\t\t\t\t<svg aria-hidden=\"true\" class=\"e-font-icon-svg e-eicon-chevron-right\" viewBox=\"0 0 1000 1000\" xmlns=\"http:\/\/www.w3.org\/2000\/svg\"><path d=\"M696 533C708 521 713 504 713 487 713 471 708 454 696 446L400 146C388 133 375 125 354 125 338 125 325 129 313 142 300 154 292 171 292 187 292 204 296 221 308 233L563 492 304 771C292 783 288 800 288 817 288 833 296 850 308 863 321 871 338 875 354 875 371 875 388 867 400 854L696 533Z\"><\/path><\/svg>\t\t\t\t\t\t<\/div>\n\t\t\t\t\t\t\t\t\t\t\t\t\t\t\t\t\t<\/div>\n\t\t\t\t\t\t\t\t<\/div>\n\t\t\t\t<\/div>\n\t\t<div class=\"elementor-element elementor-element-4cd55f71 animated-slow e-flex e-con-boxed elementor-invisible e-con e-parent\" data-id=\"4cd55f71\" data-element_type=\"container\" data-e-type=\"container\" data-settings=\"{&quot;motion_fx_motion_fx_scrolling&quot;:&quot;yes&quot;,&quot;animation&quot;:&quot;fadeIn&quot;,&quot;motion_fx_devices&quot;:[&quot;desktop&quot;,&quot;laptop&quot;,&quot;tablet_extra&quot;,&quot;tablet&quot;,&quot;mobile_extra&quot;,&quot;mobile&quot;]}\">\n\t\t\t\t\t<div class=\"e-con-inner\">\n\t\t\t\t<div class=\"elementor-element elementor-element-2e68b4d9 elementor-widget elementor-widget-heading\" data-id=\"2e68b4d9\" data-element_type=\"widget\" data-e-type=\"widget\" data-widget_type=\"heading.default\">\n\t\t\t\t\t<h1 class=\"elementor-heading-title elementor-size-default\">TAUERN SPA in Kaprun<\/h1>\t\t\t\t<\/div>\n\t\t\t\t<div class=\"elementor-element elementor-element-3460feba elementor-widget elementor-widget-heading\" data-id=\"3460feba\" data-element_type=\"widget\" data-e-type=\"widget\" data-widget_type=\"heading.default\">\n\t\t\t\t\t<h2 class=\"elementor-heading-title elementor-size-default\">Wellness holiday in the Alps<\/h2>\t\t\t\t<\/div>\n\t\t\t\t<div class=\"elementor-element elementor-element-2018daf6 elementor-widget elementor-widget-text-editor\" data-id=\"2018daf6\" data-element_type=\"widget\" data-e-type=\"widget\" data-widget_type=\"text-editor.default\">\n\t\t\t\t\t\t\t\t\t<p>After active hours in the fresh air around the Zell am See &#8211; Kaprun region, relaxation deluxe awaits the whole family in the TAUERN SPA. On over 20,000 m2 there are 11 pools, 10 saunas &#038; steam baths and a separate kids&#8217; SPA area. So don&#8217;t forget your swimwear!<\/p>\n\t\t\t\t\t\t\t\t<\/div>\n\t\t\t\t\t<\/div>\n\t\t\t\t<\/div>\n\t\t<div class=\"elementor-element elementor-element-73f7e627 e-con-full e-flex e-con e-child\" data-id=\"73f7e627\" data-element_type=\"container\" data-e-type=\"container\">\n\t\t<div class=\"elementor-element elementor-element-7dde3664 e-con-full e-flex e-con e-child\" data-id=\"7dde3664\" data-element_type=\"container\" data-e-type=\"container\" data-settings=\"{&quot;background_background&quot;:&quot;classic&quot;}\">\n\t\t\t\t<div class=\"elementor-element elementor-element-658d7762 elementor-widget__width-inherit elementor-widget elementor-widget-heading\" data-id=\"658d7762\" data-element_type=\"widget\" data-e-type=\"widget\" data-widget_type=\"heading.default\">\n\t\t\t\t\t<h3 class=\"elementor-heading-title elementor-size-default\">The Spa \u2013 water world <\/h3>\t\t\t\t<\/div>\n\t\t\t\t<div class=\"elementor-element elementor-element-7e099184 elementor-widget elementor-widget-text-editor\" data-id=\"7e099184\" data-element_type=\"widget\" data-e-type=\"widget\" data-widget_type=\"text-editor.default\">\n\t\t\t\t\t\t\t\t\t<p>The TAUERN SPA offers the perfect place for the whole family to relax.<\/p>\n<p>The little ones feel particularly at home in the \u2018Kidstein\u2019 children&#8217;s SPA &#8211; there are 3 slides, 2 baby pools, indoor and outdoor pools, a play stream, a floor bubble, an adventure grotto, a rain shower and a climbing wall.<\/p>\n<p>Plenty of space to let off steam and relax!<\/p>\n\t\t\t\t\t\t\t\t<\/div>\n\t\t\t\t<div class=\"elementor-element elementor-element-2b093800 elementor-align-left elementor-widget__width-inherit elementor-widget elementor-widget-button\" data-id=\"2b093800\" data-element_type=\"widget\" data-e-type=\"widget\" data-widget_type=\"button.default\">\n\t\t\t\t\t\t\t\t\t\t<a class=\"elementor-button elementor-button-link elementor-size-sm\" href=\"https:\/\/www.tauernspakaprun.com\/en\/spa\/spa-water-world\" target=\"_blank\">\n\t\t\t\t\t\t<span class=\"elementor-button-content-wrapper\">\n\t\t\t\t\t\t\t\t\t<span class=\"elementor-button-text\">Learn more<\/span>\n\t\t\t\t\t<\/span>\n\t\t\t\t\t<\/a>\n\t\t\t\t\t\t\t\t<\/div>\n\t\t\t\t<\/div>\n\t\t<div class=\"elementor-element elementor-element-4ce9f82 e-con-full e-flex e-con e-child\" data-id=\"4ce9f82\" data-element_type=\"container\" data-e-type=\"container\" data-settings=\"{&quot;background_background&quot;:&quot;classic&quot;}\">\n\t\t\t\t<\/div>\n\t\t\t\t<\/div>\n\t\t<div class=\"elementor-element elementor-element-411e02c3 e-con-full e-flex e-con e-child\" data-id=\"411e02c3\" data-element_type=\"container\" data-e-type=\"container\">\n\t\t<div class=\"elementor-element elementor-element-48785930 e-con-full e-flex e-con e-child\" data-id=\"48785930\" data-element_type=\"container\" data-e-type=\"container\" data-settings=\"{&quot;background_background&quot;:&quot;classic&quot;}\">\n\t\t\t\t<\/div>\n\t\t<div class=\"elementor-element elementor-element-1144f4a2 e-con-full e-flex e-con e-child\" data-id=\"1144f4a2\" data-element_type=\"container\" data-e-type=\"container\" data-settings=\"{&quot;background_background&quot;:&quot;classic&quot;}\">\n\t\t\t\t<div class=\"elementor-element elementor-element-26f4959b elementor-widget__width-inherit elementor-widget elementor-widget-heading\" data-id=\"26f4959b\" data-element_type=\"widget\" data-e-type=\"widget\" data-widget_type=\"heading.default\">\n\t\t\t\t\t<h3 class=\"elementor-heading-title elementor-size-default\">The Spa \u2013 Sauna world<\/h3>\t\t\t\t<\/div>\n\t\t\t\t<div class=\"elementor-element elementor-element-8629b3e elementor-widget elementor-widget-text-editor\" data-id=\"8629b3e\" data-element_type=\"widget\" data-e-type=\"widget\" data-widget_type=\"text-editor.default\">\n\t\t\t\t\t\t\t\t\t<p>Isn&#8217;t a sauna session always a pleasant experience? Especially after a day on the perfect slopes of Kaprun, a visit to the TAUERN SPA is a good idea.<\/p>\n<p>The following saunas and steam baths spoil you with pleasant warmth: Finnish sauna, oven sauna, herbal bath, bio sauna, brine laconium, aroma steam bath and a textile sauna.<\/p>\n<p>There are spacious relaxation zones for an extra dose of deep relaxation.<\/p>\n\t\t\t\t\t\t\t\t<\/div>\n\t\t\t\t<div class=\"elementor-element elementor-element-130f106f elementor-align-left elementor-widget__width-inherit elementor-widget elementor-widget-button\" data-id=\"130f106f\" data-element_type=\"widget\" data-e-type=\"widget\" data-widget_type=\"button.default\">\n\t\t\t\t\t\t\t\t\t\t<a class=\"elementor-button elementor-button-link elementor-size-sm\" href=\"https:\/\/www.tauernspakaprun.com\/en\/spa\/spa-sauna-world\" target=\"_blank\">\n\t\t\t\t\t\t<span class=\"elementor-button-content-wrapper\">\n\t\t\t\t\t\t\t\t\t<span class=\"elementor-button-text\">Learn more<\/span>\n\t\t\t\t\t<\/span>\n\t\t\t\t\t<\/a>\n\t\t\t\t\t\t\t\t<\/div>\n\t\t\t\t<\/div>\n\t\t\t\t<\/div>\n\t\t<div class=\"elementor-element elementor-element-f4da3d0 e-con-full e-flex e-con e-child\" data-id=\"f4da3d0\" data-element_type=\"container\" data-e-type=\"container\">\n\t\t<div class=\"elementor-element elementor-element-13caafa e-con-full e-flex e-con e-child\" data-id=\"13caafa\" data-element_type=\"container\" data-e-type=\"container\" data-settings=\"{&quot;background_background&quot;:&quot;classic&quot;}\">\n\t\t\t\t<div class=\"elementor-element elementor-element-20f4e20 elementor-widget__width-inherit elementor-widget elementor-widget-heading\" data-id=\"20f4e20\" data-element_type=\"widget\" data-e-type=\"widget\" data-widget_type=\"heading.default\">\n\t\t\t\t\t<h3 class=\"elementor-heading-title elementor-size-default\">WELLNESS TREATMENTS AT THE TAUERN SPA<\/h3>\t\t\t\t<\/div>\n\t\t\t\t<div class=\"elementor-element elementor-element-a339eb2 elementor-widget elementor-widget-text-editor\" data-id=\"a339eb2\" data-element_type=\"widget\" data-e-type=\"widget\" data-widget_type=\"text-editor.default\">\n\t\t\t\t\t\t\t\t\t<p>Of course, there are also various treatments available. Here is a small selection:<\/p>\n<ul>\n<li>Body treatments<\/li>\n<li>Facial treatments<\/li>\n<li>Wellness for men<\/li>\n<li>Treatments for children<\/li>\n<li>THALGO treatments<\/li>\n<li>Private SPA for couples<\/li>\n<\/ul>\n\t\t\t\t\t\t\t\t<\/div>\n\t\t\t\t<div class=\"elementor-element elementor-element-9899643 elementor-align-left elementor-widget__width-inherit elementor-widget elementor-widget-button\" data-id=\"9899643\" data-element_type=\"widget\" data-e-type=\"widget\" data-widget_type=\"button.default\">\n\t\t\t\t\t\t\t\t\t\t<a class=\"elementor-button elementor-button-link elementor-size-sm\" href=\"https:\/\/www.tauernspakaprun.com\/en\/spa-beauty\/alpin-vital-spa-kosmetik\" target=\"_blank\">\n\t\t\t\t\t\t<span class=\"elementor-button-content-wrapper\">\n\t\t\t\t\t\t\t\t\t<span class=\"elementor-button-text\">SEE TREATMENT PRICE LIST<\/span>\n\t\t\t\t\t<\/span>\n\t\t\t\t\t<\/a>\n\t\t\t\t\t\t\t\t<\/div>\n\t\t\t\t<\/div>\n\t\t<div class=\"elementor-element elementor-element-329288e e-con-full e-flex e-con e-child\" data-id=\"329288e\" data-element_type=\"container\" data-e-type=\"container\" data-settings=\"{&quot;background_background&quot;:&quot;classic&quot;}\">\n\t\t\t\t<\/div>\n\t\t\t\t<\/div>\n\t\t<div class=\"elementor-element elementor-element-5213246 e-con-full e-flex e-con e-child\" data-id=\"5213246\" data-element_type=\"container\" data-e-type=\"container\">\n\t\t<div class=\"elementor-element elementor-element-a4ecb84 e-con-full e-flex e-con e-child\" data-id=\"a4ecb84\" data-element_type=\"container\" data-e-type=\"container\" data-settings=\"{&quot;background_background&quot;:&quot;classic&quot;}\">\n\t\t\t\t<\/div>\n\t\t<div class=\"elementor-element elementor-element-4d2268f e-con-full e-flex e-con e-child\" data-id=\"4d2268f\" data-element_type=\"container\" data-e-type=\"container\" data-settings=\"{&quot;background_background&quot;:&quot;classic&quot;}\">\n\t\t\t\t<div class=\"elementor-element elementor-element-e4b1a7f elementor-widget__width-inherit elementor-widget elementor-widget-heading\" data-id=\"e4b1a7f\" data-element_type=\"widget\" data-e-type=\"widget\" data-widget_type=\"heading.default\">\n\t\t\t\t\t<h3 class=\"elementor-heading-title elementor-size-default\">THE ABSOLUTE HIGHLIGHT OF A WELLNESS HOLIDAY<\/h3>\t\t\t\t<\/div>\n\t\t\t\t<div class=\"elementor-element elementor-element-ebb4da8 elementor-widget elementor-widget-text-editor\" data-id=\"ebb4da8\" data-element_type=\"widget\" data-e-type=\"widget\" data-widget_type=\"text-editor.default\">\n\t\t\t\t\t\t\t\t\t<p>Of course, we know that guests at the Guggenbichl are very spoilt when it comes to the view during their holiday. We can guarantee one thing &#8211; the view from the TAUERN SPA will also inspire you!<\/p><p><strong>Our tip<\/strong>: Admission to the TAUERN SPA is already included for Guggenbichl guests. You can use the spacious water world and the sauna area free of charge all year round (valid from the day of arrival). Bathrobe and bath towel can be rented in the Tauern Spa at a reduced price of 50%.<\/p><p>The Tauern Spa entrance ticket is not included on the day of departure. Subject to availability and advance booking, the ticket can be booked for \u20ac25.00 per person.<\/p><p>Admission is included only one time for guests who book through a tour operator!<\/p>\t\t\t\t\t\t\t\t<\/div>\n\t\t\t\t<\/div>\n\t\t\t\t<\/div>\n\t\t\t\t<\/div>\n\t\t","protected":false},"excerpt":{"rendered":"<p>TAUERN SPA in Kaprun Wellness holiday in the Alps After active hours in the fresh air around the Zell am See &#8211; Kaprun region, relaxation deluxe awaits the whole family in the TAUERN SPA. On over 20,000 m2 there are 11 pools, 10 saunas &#038; steam baths and a separate kids&#8217; SPA area. So don&#8217;t [&hellip;]<\/p>\n","protected":false},"author":1,"featured_media":1417,"parent":0,"menu_order":0,"comment_status":"closed","ping_status":"closed","template":"elementor_header_footer","meta":{"_seopress_robots_primary_cat":"","_seopress_titles_title":"Entspannung & Abenteuer im TAUERN SPA Kaprun \u2013 Inklusive f\u00fcr Guggenbichl-G\u00e4ste!","_seopress_titles_desc":"Nach einem aktiven Tag in Zell am See-Kaprun erwartet euch im TAUERN SPA pure Entspannung! Genie\u00dft kostenlosen Zugang zur SPA-Wasserwelt mit 11 Pools, einer vielf\u00e4ltigen Saunawelt und speziellen Kids-SPA. Perfekt f\u00fcr Familien und Wellnessliebhaber!","_seopress_robots_index":"","footnotes":""},"class_list":["post-1732","page","type-page","status-publish","has-post-thumbnail"],"_links":{"self":[{"href":"https:\/\/www.guggenbichl.at\/en\/wp-json\/wp\/v2\/pages\/1732","targetHints":{"allow":["GET"]}}],"collection":[{"href":"https:\/\/www.guggenbichl.at\/en\/wp-json\/wp\/v2\/pages"}],"about":[{"href":"https:\/\/www.guggenbichl.at\/en\/wp-json\/wp\/v2\/types\/page"}],"author":[{"embeddable":true,"href":"https:\/\/www.guggenbichl.at\/en\/wp-json\/wp\/v2\/users\/1"}],"replies":[{"embeddable":true,"href":"https:\/\/www.guggenbichl.at\/en\/wp-json\/wp\/v2\/comments?post=1732"}],"version-history":[{"count":1,"href":"https:\/\/www.guggenbichl.at\/en\/wp-json\/wp\/v2\/pages\/1732\/revisions"}],"predecessor-version":[{"id":3039,"href":"https:\/\/www.guggenbichl.at\/en\/wp-json\/wp\/v2\/pages\/1732\/revisions\/3039"}],"wp:featuredmedia":[{"embeddable":true,"href":"https:\/\/www.guggenbichl.at\/en\/wp-json\/wp\/v2\/media\/1417"}],"wp:attachment":[{"href":"https:\/\/www.guggenbichl.at\/en\/wp-json\/wp\/v2\/media?parent=1732"}],"curies":[{"name":"wp","href":"https:\/\/api.w.org\/{rel}","templated":true}]}}